{"id":2,"date":"2016-05-10T03:48:21","date_gmt":"2016-05-10T03:48:21","guid":{"rendered":"http:\/\/deepmix.de\/?page_id=2"},"modified":"2020-03-10T15:57:21","modified_gmt":"2020-03-10T15:57:21","slug":"sample-page","status":"publish","type":"page","link":"http:\/\/deepmix.de\/?page_id=2","title":{"rendered":"Die Geschichte des DeepMixes"},"content":{"rendered":"<p>Seit der Entstehung des DeepMixes, 1987, hat er st\u00e4ndig seinen Namen gewechselt. Er wurde Deep, Digital Dances und Deep Magic Dance genannt. Und jetzt heisst er wieder Deep. DJ Deep, der sich neuerdings DeeJay nennt, ist der Produzent. Die Plattenfirma heisst &#8222;DeepRecords&#8220;. Fr\u00fcher war es die Fa. &#8222;MPA records&#8220;. Ausser der Deep-Serie wurden auch spezielle Mixe produziert, sich sich nur auf eine Musikgruppe oder Musikrichtung orientierte. So kamen Anfang der &#8217;90er zwei Michael Jackson Mixe auf den Markt, Madonna, the Beatles, The Kelly Family, Gun&#8217;s &#8217;n&#8216; Roses, Rolling Stones, Metallica, Phil Collins und Queen. Hinzu noch DeepFox oder DeepReagge.<\/p>\n<p>Der DeepMix wurde eigendlich 1987 in einem Partykeller geboren. Ein junger Typ hatte Spass daran, moderne Lieder in- und aneinander zu mixen und dies dann seinen Freunden vorstellen zu d\u00fcrfen. Premiere feierte der DeepMix dann auf einem Aldi-Tape auf einer Party. Das kam so gut an, dass DeeJay Deep eine Marktl\u00fccke entdeckt hatte. Nun ist bereits sein 70 DeepMix heraus gekommen.<\/p>\n<p>Hier eine \u00dcbersicht seiner Ger\u00e4te: (Damals)<\/p>\n<blockquote><p>Power Mac<br \/>\nMixer Yamaha 02 R<br \/>\nSampler Akai S 3200 XL<br \/>\nSampler Akai S 1000<br \/>\nMasterkeyboard Doepfer LMK\/4+<br \/>\nMastering Peripherie<br \/>\nAphex Dominator II Typ 720<br \/>\nTLA Valve Compressor<br \/>\nDAT Recorder Tascam Da 60<br \/>\nAtari 1040 STE<br \/>\nCubase Sequencer Revox 8-Spur Tapedeck<br \/>\nDenon DN 2700 F Mk II<br \/>\nPioneer CDJ 500 (2*)<br \/>\nTechnics SL 1210 Mk II<br \/>\nMixer Ecler Sclat 4<br \/>\nHeadphones AKG K270 S<\/p><\/blockquote>\n<p>Nun, in DJ Deep&#8217;s Studio stehen noch DAT, MiniDisc, ATARI, YAMAHA und ein 32 Kanal-Mischpult. Ob nun der fertige Mix auf DAT oder Super-DAT kopiert wird, ist mir unbekannt.<\/p>\n<p>Von Anfang der Neunziger bis Mitte 2000 war DJ Deep verantwortlich f\u00fcr die Produktion der Deep Dance Mixe. Von 1996 an produzierte er, zusammen mit DJ Kollegen, die Serie &#8222;Studio 33&#8220;. Ebenfalls ab 1996 produzierte er, ebenfalls im Team, verschiedene Mixe f\u00fcr die deutsche Plattenindustrie, so z.B. die Chartmix Reihe, die Summermixe, Techno Marathon, Total Dicht Mix, Vengaboys Megamix&#8230;..usw.. Das Ganze unter dem Namen SWG-Mix-Production. Im Jahr 2003 erschienen dann, mit grossem Erfolg, die ersten 2 offiziellen Deep Dance Mixe und die ersten beiden Single-Produktionen<br \/>\nvon DJ Deep. Diese Seite soll einen \u00c4berblick \u00fcber die Produktionen und zuk\u00fcnftigen Projekte von DJ Deep und SWG bieten. DJ Deep distanziert sich ausdr\u00fccklich von Bootlegs, die nach dem Juni 2000 auf den Markt gekommen sind und sich namentlich auf die o.g. Serien beziehen. (Deep Dance \/ Studio 33). Diese CD\u00b4s sind Fakes von Leuten, die, mit fremden Namen, abkassieren wollen.<\/p>\n<blockquote><p>Ab Juni 2000 hat DJ Deep mit dem Mixen von Bootlegs nichts mehr zu tun&#8230; Mix 70.<\/p><\/blockquote>\n","protected":false},"excerpt":{"rendered":"<p>Seit der Entstehung des DeepMixes, 1987, hat er st\u00e4ndig seinen Namen gewechselt. Er wurde Deep, Digital Dances und Deep Magic Dance genannt. Und jetzt heisst er wieder Deep. DJ Deep, der sich neuerdings DeeJay nennt,&hellip; <\/p>\n<p><a class=\"more-link\" href=\"http:\/\/deepmix.de\/?page_id=2\">Die Geschichte des DeepMixes weiterlesen<\/a><\/p>\n","protected":false},"author":1,"featured_media":0,"parent":0,"menu_order":0,"comment_status":"closed","ping_status":"open","template":"","meta":{"ngg_post_thumbnail":0},"_links":{"self":[{"href":"http:\/\/deepmix.de\/index.php?rest_route=\/wp\/v2\/pages\/2"}],"collection":[{"href":"http:\/\/deepmix.de\/index.php?rest_route=\/wp\/v2\/pages"}],"about":[{"href":"http:\/\/deepmix.de\/index.php?rest_route=\/wp\/v2\/types\/page"}],"author":[{"embeddable":true,"href":"http:\/\/deepmix.de\/index.php?rest_route=\/wp\/v2\/users\/1"}],"replies":[{"embeddable":true,"href":"http:\/\/deepmix.de\/index.php?rest_route=%2Fwp%2Fv2%2Fcomments&post=2"}],"version-history":[{"count":1,"href":"http:\/\/deepmix.de\/index.php?rest_route=\/wp\/v2\/pages\/2\/revisions"}],"predecessor-version":[{"id":6,"href":"http:\/\/deepmix.de\/index.php?rest_route=\/wp\/v2\/pages\/2\/revisions\/6"}],"wp:attachment":[{"href":"http:\/\/deepmix.de\/index.php?rest_route=%2Fwp%2Fv2%2Fmedia&parent=2"}],"curies":[{"name":"wp","href":"https:\/\/api.w.org\/{rel}","templated":true}]}}